{"id":857,"date":"2020-06-12T00:50:52","date_gmt":"2020-06-11T22:50:52","guid":{"rendered":"https:\/\/espacetourville.com\/mentions-legales\/"},"modified":"2021-01-27T10:36:58","modified_gmt":"2021-01-27T09:36:58","slug":"mentions-legales","status":"publish","type":"page","link":"https:\/\/espacetourville.com\/nl\/mentions-legales\/","title":{"rendered":"Wettelijke Vermeldingen"},"content":{"rendered":"\n<p><strong>Site internet g\u00e9r\u00e9 par la Tourville D\u00e9veloppement, Filiale commerciale de l&#8217;Association Tourville, SARL au capital de 30000\u20ac inscrite au RCS de Dunkerque sous le N\u00b0de SIRET 453 900 730 0012<\/strong><\/p>\n\n\n\n<p>L\u2019Espace Tourville s\u2019engage \u00e0 respecter les dispositions pr\u00e9vues par les lois<br>Loi n\u00b0 78-87 du 6 janvier 1978, notamment modifi\u00e9e par la loi n\u00b0 2004-801 du 6 ao\u00fbt 2004 relative \u00e0 l\u2019informatique, aux fichiers et aux libert\u00e9s.<br>Loi n\u00b0 2004-575 du 21 juin 2004 pour la confiance dans l\u2019\u00e9conomie num\u00e9rique.<br>11.<br>R\u00e8glement G\u00e9n\u00e9ral sur la Protection des Donn\u00e9es (RGPD) : R\u00e8glement europ\u00e9en n\u00b02016\/679\/UE du 27 avril 2016, applicable au 25 mai 2018.<\/p>\n\n\n\n<h2>Utilisation des donn\u00e9es personnelles collect\u00e9es<\/h2>\n\n\n\n<h3>R\u00e9servation en ligne<\/h3>\n\n\n\n<p>La SARL Tourville D\u00e9veloppement assure par l\u2019interm\u00e9diaire de son partenaire AwoO (<em> fournisseur du module de r\u00e9servation<\/em> ) des mesures optimales de s\u00e9curit\u00e9 contre la perte, le mauvais usage et l\u2019alt\u00e9ration des informations qui lui sont confi\u00e9es par les internautes.<\/p>\n\n\n\n<h3>Formulaires de contact<\/h3>\n\n\n\n<p>Les informations obligatoires recueillies lors de l\u2019utilisation du formulaire de contact sont :<\/p>\n\n\n\n<ul><li>Nom<\/li><li>Pr\u00e9nom<\/li><li>Adresse mail<\/li><li>T\u00e9l\u00e9phone<\/li><\/ul>\n\n\n\n<h3>Cookies<\/h3>\n\n\n\n<p>Si vous d\u00e9posez un commentaire sur notre site, il vous sera propos\u00e9 d\u2019enregistrer votre nom, adresse de messagerie et site web dans des cookies. C\u2019est uniquement pour votre confort afin de ne pas avoir \u00e0 saisir ces informations si vous d\u00e9posez un autre commentaire plus tard. Ces cookies expirent au bout d\u2019un an.<\/p>\n\n\n\n<p>Si vous avez un compte et que vous vous connectez sur ce site, un cookie temporaire sera cr\u00e9\u00e9 afin de d\u00e9terminer si votre navigateur accepte les cookies. Il ne contient pas de donn\u00e9es personnelles et sera supprim\u00e9 automatiquement \u00e0 la fermeture de votre navigateur.<\/p>\n\n\n\n<p>Lorsque vous vous connecterez, nous mettrons en place un certain nombre de cookies pour enregistrer vos informations de connexion et vos pr\u00e9f\u00e9rences d\u2019\u00e9cran. La dur\u00e9e de vie d\u2019un cookie de connexion est de deux jours, celle d\u2019un cookie d\u2019option d\u2019\u00e9cran est d\u2019un an. Si vous cochez \u00ab&nbsp;Se souvenir de moi&nbsp;\u00bb, votre cookie de connexion sera conserv\u00e9 pendant deux semaines. Si vous vous d\u00e9connectez de votre compte, le cookie de connexion sera effac\u00e9.<\/p>\n\n\n\n<p>En modifiant ou en publiant un article, un cookie suppl\u00e9mentaire sera enregistr\u00e9 dans votre navigateur. Ce cookie ne comprend aucune donn\u00e9e personnelle. Il indique simplement l\u2019identifiant de l\u2019article que vous venez de modifier. Il expire au bout d\u2019un jour.<\/p>\n\n\n\n<h3>Contenu embarqu\u00e9 depuis d\u2019autres sites<\/h3>\n\n\n\n<p>Les articles de ce site peuvent inclure des contenus int\u00e9gr\u00e9s (par exemple des vid\u00e9os Youtube, images, articles\u2026). Le contenu int\u00e9gr\u00e9 depuis d\u2019autres sites se comporte de la m\u00eame mani\u00e8re que si le visiteur se rendait sur cet autre site.<\/p>\n\n\n\n<p>Ces sites web pourraient collecter des donn\u00e9es sur vous, utiliser des cookies, embarquer des outils de suivis tiers, suivre vos interactions avec ces contenus embarqu\u00e9s si vous disposez d\u2019un compte connect\u00e9 sur leur site web.<\/p>\n\n\n\n<h3>Statistiques et mesures d\u2019audience<\/h3>\n\n\n\n<p>Ce site utilise <strong>Google Analytics<\/strong>, un service d\u2019analyse de sites Internet fourni par Google Inc. (\u00ab Google \u00bb). Google Analytics utilise des cookies, qui sont des fichiers textes plac\u00e9s sur votre ordinateur, pour aider le site internet \u00e0 analyser l\u2019utilisation du site par ses utilisateurs. Les donn\u00e9es g\u00e9n\u00e9r\u00e9es par les cookies concernant votre utilisation du site (y compris votre adresse IP) seront transmises et stock\u00e9es par Google sur des serveurs situ\u00e9s aux \u00c9tats-Unis.<\/p>\n\n\n\n<p>Google utilisera cette information dans le but d\u2019\u00e9valuer votre utilisation du site, de compiler des rapports sur l\u2019activit\u00e9 du site \u00e0 destination de son \u00e9diteur et de fournir d\u2019autres services relatifs \u00e0 l\u2019activit\u00e9 du site et \u00e0 l\u2019utilisation d\u2019Internet.<\/p>\n\n\n\n<p>Google est susceptible de communiquer ces donn\u00e9es \u00e0 des tiers en cas d\u2019obligations l\u00e9gales ou lorsque ces tiers traitent ces donn\u00e9es pour le compte de Google, y compris notamment l\u2019\u00e9diteur de ce site. Vous pouvez d\u00e9sactiver l\u2019utilisation de cookies en s\u00e9lectionnant les param\u00e8tres appropri\u00e9s de votre navigateur. Cependant, une telle d\u00e9sactivation pourrait emp\u00eacher l\u2019utilisation de certaines fonctionnalit\u00e9s de ce site. En utilisant ce site internet, vous consentez express\u00e9ment au traitement de vos donn\u00e9es nominatives par Google dans les conditions et pour les finalit\u00e9s d\u00e9crites ci-dessus.<\/p>\n\n\n\n<h2><strong>Utilisation et transmission de vos donn\u00e9es personnelles<\/strong><\/h2>\n\n\n\n<h2><strong>Dur\u00e9es de stockage de vos donn\u00e9es<\/strong><\/h2>\n\n\n\n<p>Si vous laissez un commentaire, le commentaire et ses m\u00e9tadonn\u00e9es sont conserv\u00e9s ind\u00e9finiment. Cela permet de reconna\u00eetre et approuver automatiquement les commentaires suivants au lieu de les laisser dans la file de mod\u00e9ration.<\/p>\n\n\n\n<p>Pour les utilisateurs et utilisatrices qui s\u2019enregistrent sur notre site (si cela est possible), nous stockons \u00e9galement les donn\u00e9es personnelles indiqu\u00e9es dans leur profil. Tous les utilisateurs et utilisatrices peuvent voir, modifier ou supprimer leurs informations personnelles \u00e0 tout moment (\u00e0 l\u2019exception de leur nom d\u2019utilisateur\u00b7ice). Les gestionnaires du site peuvent aussi voir et modifier ces informations.<\/p>\n\n\n\n<h2><strong>Les droits que vous avez sur vos donn\u00e9es<\/strong><\/h2>\n\n\n\n<p>Si vous avez un compte ou si vous avez laiss\u00e9 des commentaires sur le site, vous pouvez demander \u00e0 recevoir un fichier contenant toutes les donn\u00e9es personnelles que nous poss\u00e9dons \u00e0 votre sujet, incluant celles que vous nous avez fournies. Vous pouvez \u00e9galement demander la suppression des donn\u00e9es personnelles vous concernant. Cela ne prend pas en compte les donn\u00e9es stock\u00e9es \u00e0 des fins administratives, l\u00e9gales ou pour des raisons de s\u00e9curit\u00e9.<\/p>\n\n\n\n<h2><strong>Transmission de vos donn\u00e9es personnelles<\/strong><\/h2>\n\n\n\n<p>Les commentaires des visiteurs peuvent \u00eatre v\u00e9rifi\u00e9s \u00e0 l\u2019aide d\u2019un service automatis\u00e9 de d\u00e9tection des commentaires ind\u00e9sirables.<\/p>\n\n\n\n<h2><strong>Informations de contact pour le traitement de vos donn\u00e9es personnelles<\/strong><\/h2>\n\n\n\n<p>Les internautes disposent \u00e0 tout moment d\u2019un droit d\u2019acc\u00e8s, de modification, de rectification et de suppression des donn\u00e9es qui les concernent en \u00e9crivant \u00e0 :<br>contact@espacetourville.com<\/p>\n\n\n\n<p>Vous pouvez nous contacter via l\u2019adresse e-mail ci-dessus pour r\u00e9cup\u00e9rer ou supprimer vos donn\u00e9es personnelles qui sont stock\u00e9es sur ce site.&nbsp;Veuillez nous indiquer l\u2019adresse e-mail que vous avez utilis\u00e9 sur ce site pour que nous puissions identifier les donn\u00e9es correspondantes<\/p>\n\n\n\n<h2><strong>Informations suppl\u00e9mentaires<\/strong><\/h2>\n\n\n\n<h3>Comment nous prot\u00e9geons vos donn\u00e9es<\/h3>\n\n\n\n<p>Vos donn\u00e9es&nbsp;personnelles, qui&nbsp;sont susceptibles de transiter par ce site, utilisent le protocole de chiffrement&nbsp;HTTPS&nbsp;et sont&nbsp;h\u00e9berg\u00e9es&nbsp;chez&nbsp;OVH.<\/p>\n\n\n\n<h3>Propri\u00e9t\u00e9 intellectuelle<\/h3>\n\n\n\n<p>En accord avec les lois r\u00e9gissant la propri\u00e9t\u00e9 des droits litt\u00e9raires et artistiques ou autres droits similaires, tous les \u00e9l\u00e9ments, marques, d\u00e9nominations, photographies, dessins, mod\u00e8les, logos, graphiques, codes couleurs, etc. se trouvant dans le pr\u00e9sent site sont la propri\u00e9t\u00e9 exclusive des entit\u00e9s concern\u00e9es de la SARL Tourville D\u00e9veloppement, de l\u2019Association Tourville ou de ses partenaires ou fournisseurs, celle-ci ou ceux-ci ne conc\u00e9dant aucune licence, ni aucun autre droit que celui de consulter le site. La reproduction ou l\u2019utilisation de tout ou partie de ces \u00e9l\u00e9ments est seulement autoris\u00e9e aux fins exclusives d\u2019information pour un usage personnel et priv\u00e9, toute reproduction et toute utilisation de copies r\u00e9alis\u00e9es \u00e0 d\u2019autres fins \u00e9tant express\u00e9ment interdites. Toute autre utilisation est constitutive de contrefa\u00e7on et sanctionn\u00e9e au titre de la Propri\u00e9t\u00e9 Intellectuelle, sauf autorisation pr\u00e9alable et \u00e9crite par la SARL Tourville D\u00e9veloppement ou par l\u2019Association Tourville.<\/p>\n\n\n\n<h3>Liens hypertextes<\/h3>\n\n\n\n<p>Des liens hypertextes peuvent renvoyer vers d\u2019autres sites que le pr\u00e9sent site. L\u2019Espace Tourville n\u2019exerce aucun contr\u00f4le sur les contenus des dits sites et d\u00e9gage toute responsabilit\u00e9 dans le cas o\u00f9 ce contenu contreviendrait aux dispositions l\u00e9gales et r\u00e8glementaires en vigueur.<\/p>\n","protected":false},"excerpt":{"rendered":"<p>Site internet g\u00e9r\u00e9 par la Tourville D\u00e9veloppement, Filiale commerciale de l&#8217;Association Tourville, SARL au capital de 30000\u20ac inscrite au RCS de Dunkerque sous le N\u00b0de SIRET 453 900 730 0012 L\u2019Espace Tourville s\u2019engage \u00e0 respecter les dispositions pr\u00e9vues par les loisLoi n\u00b0 78-87 du 6 janvier 1978, notamment modifi\u00e9e par la loi n\u00b0 2004-801 du [&hellip;]<\/p>\n","protected":false},"author":1,"featured_media":0,"parent":0,"menu_order":0,"comment_status":"closed","ping_status":"closed","template":"template_mention_legales.php","meta":{"inline_featured_image":false},"acf":[],"yoast_head":"<!-- This site is optimized with the Yoast SEO plugin v20.1 - https:\/\/yoast.com\/wordpress\/plugins\/seo\/ -->\n<title>Wettelijke Vermeldingen - Espace Tourville<\/title>\n<meta name=\"robots\" content=\"index, follow, max-snippet:-1, max-image-preview:large, max-video-preview:-1\" \/>\n<link rel=\"canonical\" href=\"https:\/\/espacetourville.com\/nl\/mentions-legales\/\" \/>\n<meta property=\"og:locale\" content=\"nl_NL\" \/>\n<meta property=\"og:type\" content=\"article\" \/>\n<meta property=\"og:title\" content=\"Wettelijke Vermeldingen - Espace Tourville\" \/>\n<meta property=\"og:description\" content=\"Site internet g\u00e9r\u00e9 par la Tourville D\u00e9veloppement, Filiale commerciale de l&#8217;Association Tourville, SARL au capital de 30000\u20ac inscrite au RCS de Dunkerque sous le N\u00b0de SIRET 453 900 730 0012 L\u2019Espace Tourville s\u2019engage \u00e0 respecter les dispositions pr\u00e9vues par les loisLoi n\u00b0 78-87 du 6 janvier 1978, notamment modifi\u00e9e par la loi n\u00b0 2004-801 du [&hellip;]\" \/>\n<meta property=\"og:url\" content=\"https:\/\/espacetourville.com\/nl\/mentions-legales\/\" \/>\n<meta property=\"og:site_name\" content=\"Espace Tourville\" \/>\n<meta property=\"article:publisher\" content=\"https:\/\/www.facebook.com\/EspaceTourville\/\" \/>\n<meta property=\"article:modified_time\" content=\"2021-01-27T09:36:58+00:00\" \/>\n<meta name=\"twitter:card\" content=\"summary_large_image\" \/>\n<meta name=\"twitter:label1\" content=\"Geschatte leestijd\" \/>\n\t<meta name=\"twitter:data1\" content=\"7 minuten\" \/>\n<script type=\"application\/ld+json\" class=\"yoast-schema-graph\">{\"@context\":\"https:\/\/schema.org\",\"@graph\":[{\"@type\":\"WebPage\",\"@id\":\"https:\/\/espacetourville.com\/nl\/mentions-legales\/\",\"url\":\"https:\/\/espacetourville.com\/nl\/mentions-legales\/\",\"name\":\"Wettelijke Vermeldingen - Espace Tourville\",\"isPartOf\":{\"@id\":\"https:\/\/espacetourville.com\/#website\"},\"datePublished\":\"2020-06-11T22:50:52+00:00\",\"dateModified\":\"2021-01-27T09:36:58+00:00\",\"breadcrumb\":{\"@id\":\"https:\/\/espacetourville.com\/nl\/mentions-legales\/#breadcrumb\"},\"inLanguage\":\"nl\",\"potentialAction\":[{\"@type\":\"ReadAction\",\"target\":[\"https:\/\/espacetourville.com\/nl\/mentions-legales\/\"]}]},{\"@type\":\"BreadcrumbList\",\"@id\":\"https:\/\/espacetourville.com\/nl\/mentions-legales\/#breadcrumb\",\"itemListElement\":[{\"@type\":\"ListItem\",\"position\":1,\"name\":\"Accueil\",\"item\":\"https:\/\/espacetourville.com\/nl\/\"},{\"@type\":\"ListItem\",\"position\":2,\"name\":\"Wettelijke Vermeldingen\"}]},{\"@type\":\"WebSite\",\"@id\":\"https:\/\/espacetourville.com\/#website\",\"url\":\"https:\/\/espacetourville.com\/\",\"name\":\"Espace Tourville\",\"description\":\"Le Jean Bart\",\"publisher\":{\"@id\":\"https:\/\/espacetourville.com\/#organization\"},\"potentialAction\":[{\"@type\":\"SearchAction\",\"target\":{\"@type\":\"EntryPoint\",\"urlTemplate\":\"https:\/\/espacetourville.com\/?s={search_term_string}\"},\"query-input\":\"required name=search_term_string\"}],\"inLanguage\":\"nl\"},{\"@type\":\"Organization\",\"@id\":\"https:\/\/espacetourville.com\/#organization\",\"name\":\"Espace tourville\",\"url\":\"https:\/\/espacetourville.com\/\",\"logo\":{\"@type\":\"ImageObject\",\"inLanguage\":\"nl\",\"@id\":\"https:\/\/espacetourville.com\/#\/schema\/logo\/image\/\",\"url\":\"https:\/\/espacetourville.com\/wp-content\/uploads\/2020\/06\/Logo-Espace-Tourville-bateau-RVB.png\",\"contentUrl\":\"https:\/\/espacetourville.com\/wp-content\/uploads\/2020\/06\/Logo-Espace-Tourville-bateau-RVB.png\",\"width\":701,\"height\":1035,\"caption\":\"Espace tourville\"},\"image\":{\"@id\":\"https:\/\/espacetourville.com\/#\/schema\/logo\/image\/\"},\"sameAs\":[\"https:\/\/www.facebook.com\/EspaceTourville\/\",\"https:\/\/www.instagram.com\/espace.tourville\/\"]}]}<\/script>\n<!-- \/ Yoast SEO plugin. -->","yoast_head_json":{"title":"Wettelijke Vermeldingen - Espace Tourville","robots":{"index":"index","follow":"follow","max-snippet":"max-snippet:-1","max-image-preview":"max-image-preview:large","max-video-preview":"max-video-preview:-1"},"canonical":"https:\/\/espacetourville.com\/nl\/mentions-legales\/","og_locale":"nl_NL","og_type":"article","og_title":"Wettelijke Vermeldingen - Espace Tourville","og_description":"Site internet g\u00e9r\u00e9 par la Tourville D\u00e9veloppement, Filiale commerciale de l&#8217;Association Tourville, SARL au capital de 30000\u20ac inscrite au RCS de Dunkerque sous le N\u00b0de SIRET 453 900 730 0012 L\u2019Espace Tourville s\u2019engage \u00e0 respecter les dispositions pr\u00e9vues par les loisLoi n\u00b0 78-87 du 6 janvier 1978, notamment modifi\u00e9e par la loi n\u00b0 2004-801 du [&hellip;]","og_url":"https:\/\/espacetourville.com\/nl\/mentions-legales\/","og_site_name":"Espace Tourville","article_publisher":"https:\/\/www.facebook.com\/EspaceTourville\/","article_modified_time":"2021-01-27T09:36:58+00:00","twitter_card":"summary_large_image","twitter_misc":{"Geschatte leestijd":"7 minuten"},"schema":{"@context":"https:\/\/schema.org","@graph":[{"@type":"WebPage","@id":"https:\/\/espacetourville.com\/nl\/mentions-legales\/","url":"https:\/\/espacetourville.com\/nl\/mentions-legales\/","name":"Wettelijke Vermeldingen - Espace Tourville","isPartOf":{"@id":"https:\/\/espacetourville.com\/#website"},"datePublished":"2020-06-11T22:50:52+00:00","dateModified":"2021-01-27T09:36:58+00:00","breadcrumb":{"@id":"https:\/\/espacetourville.com\/nl\/mentions-legales\/#breadcrumb"},"inLanguage":"nl","potentialAction":[{"@type":"ReadAction","target":["https:\/\/espacetourville.com\/nl\/mentions-legales\/"]}]},{"@type":"BreadcrumbList","@id":"https:\/\/espacetourville.com\/nl\/mentions-legales\/#breadcrumb","itemListElement":[{"@type":"ListItem","position":1,"name":"Accueil","item":"https:\/\/espacetourville.com\/nl\/"},{"@type":"ListItem","position":2,"name":"Wettelijke Vermeldingen"}]},{"@type":"WebSite","@id":"https:\/\/espacetourville.com\/#website","url":"https:\/\/espacetourville.com\/","name":"Espace Tourville","description":"Le Jean Bart","publisher":{"@id":"https:\/\/espacetourville.com\/#organization"},"potentialAction":[{"@type":"SearchAction","target":{"@type":"EntryPoint","urlTemplate":"https:\/\/espacetourville.com\/?s={search_term_string}"},"query-input":"required name=search_term_string"}],"inLanguage":"nl"},{"@type":"Organization","@id":"https:\/\/espacetourville.com\/#organization","name":"Espace tourville","url":"https:\/\/espacetourville.com\/","logo":{"@type":"ImageObject","inLanguage":"nl","@id":"https:\/\/espacetourville.com\/#\/schema\/logo\/image\/","url":"https:\/\/espacetourville.com\/wp-content\/uploads\/2020\/06\/Logo-Espace-Tourville-bateau-RVB.png","contentUrl":"https:\/\/espacetourville.com\/wp-content\/uploads\/2020\/06\/Logo-Espace-Tourville-bateau-RVB.png","width":701,"height":1035,"caption":"Espace tourville"},"image":{"@id":"https:\/\/espacetourville.com\/#\/schema\/logo\/image\/"},"sameAs":["https:\/\/www.facebook.com\/EspaceTourville\/","https:\/\/www.instagram.com\/espace.tourville\/"]}]}},"_links":{"self":[{"href":"https:\/\/espacetourville.com\/nl\/wp-json\/wp\/v2\/pages\/857"}],"collection":[{"href":"https:\/\/espacetourville.com\/nl\/wp-json\/wp\/v2\/pages"}],"about":[{"href":"https:\/\/espacetourville.com\/nl\/wp-json\/wp\/v2\/types\/page"}],"author":[{"embeddable":true,"href":"https:\/\/espacetourville.com\/nl\/wp-json\/wp\/v2\/users\/1"}],"replies":[{"embeddable":true,"href":"https:\/\/espacetourville.com\/nl\/wp-json\/wp\/v2\/comments?post=857"}],"version-history":[{"count":4,"href":"https:\/\/espacetourville.com\/nl\/wp-json\/wp\/v2\/pages\/857\/revisions"}],"predecessor-version":[{"id":1443,"href":"https:\/\/espacetourville.com\/nl\/wp-json\/wp\/v2\/pages\/857\/revisions\/1443"}],"wp:attachment":[{"href":"https:\/\/espacetourville.com\/nl\/wp-json\/wp\/v2\/media?parent=857"}],"curies":[{"name":"wp","href":"https:\/\/api.w.org\/{rel}","templated":true}]}}