{"id":506,"date":"2020-06-12T00:50:52","date_gmt":"2020-06-11T22:50:52","guid":{"rendered":"http:\/\/espacetourville.com\/mentions-legales\/"},"modified":"2021-01-27T10:36:35","modified_gmt":"2021-01-27T09:36:35","slug":"mentions-legales","status":"publish","type":"page","link":"https:\/\/espacetourville.com\/en\/mentions-legales\/","title":{"rendered":"Legal notice and privacy policy"},"content":{"rendered":"\n<p><strong>Site internet g\u00e9r\u00e9 par la Tourville D\u00e9veloppement, Filiale commerciale de l&#8217;Association Tourville, SARL au capital de 30000\u20ac inscrite au RCS de Dunkerque sous le N\u00b0de SIRET 453 900 730 0012<\/strong><\/p>\n\n\n\n<p>L\u2019Espace Tourville s\u2019engage \u00e0 respecter les dispositions pr\u00e9vues par les lois<br>Loi n\u00b0 78-87 du 6 janvier 1978, notamment modifi\u00e9e par la loi n\u00b0 2004-801 du 6 ao\u00fbt 2004 relative<br>\u00e0 l\u2019informatique, aux fichiers et aux libert\u00e9s.<br>Loi n\u00b0 2004-575 du 21 juin 2004 pour la confiance dans l\u2019\u00e9conomie num\u00e9rique.<br>11.<br>R\u00e8glement G\u00e9n\u00e9ral sur la Protection des Donn\u00e9es (RGPD) : R\u00e8glement europ\u00e9en<br>n\u00b02016\/679\/UE du 27 avril 2016, applicable au 25 mai 2018.<\/p>\n\n\n\n<h2>Utilisation des donn\u00e9es personnelles collect\u00e9es<\/h2>\n\n\n\n<p><strong>R\u00e9servation en ligne<br><\/strong>La SARL Tourville D\u00e9veloppement assure par l\u2019interm\u00e9diaire de son partenaire AwoO (<br>fournisseur du module de r\u00e9servation ) des mesures optimales de s\u00e9curit\u00e9 contre la perte, le mauvais<br>usage et l\u2019alt\u00e9ration des informations qui lui sont confi\u00e9es par les internautes.<\/p>\n\n\n\n<p><strong>Formulaires de contact<br><\/strong>Les informations obligatoires recueillies lors de l\u2019utilisation du formulaire de contact sont :<\/p>\n\n\n\n<ul><li>Nom<\/li><li>Pr\u00e9nom<\/li><li>Adresse mail<\/li><li>T\u00e9l\u00e9phone<\/li><\/ul>\n\n\n\n<p><br><\/p>\n\n\n\n<p><strong>Cookies<\/strong><br>Si vous d\u00e9posez un commentaire sur notre site, il vous sera propos\u00e9 d\u2019enregistrer votre nom,<br>adresse de messagerie et site web dans des cookies. C\u2019est uniquement pour votre confort afin de ne<br>pas avoir \u00e0 saisir ces informations si vous d\u00e9posez un autre commentaire plus tard. Ces cookies<br>expirent au bout d\u2019un an.<br>Si vous avez un compte et que vous vous connectez sur ce site, un cookie temporaire sera cr\u00e9\u00e9 afin<br>de d\u00e9terminer si votre navigateur accepte les cookies. Il ne contient pas de donn\u00e9es personnelles et<br>sera supprim\u00e9 automatiquement \u00e0 la fermeture de votre navigateur.<br>Lorsque vous vous connecterez, nous mettrons en place un certain nombre de cookies pour<br>enregistrer vos informations de connexion et vos pr\u00e9f\u00e9rences d\u2019\u00e9cran. La dur\u00e9e de vie d\u2019un cookie<br>de connexion est de deux jours, celle d\u2019un cookie d\u2019option d\u2019\u00e9cran est d\u2019un an. Si vous cochez \u00ab Se<br>souvenir de moi \u00bb, votre cookie de connexion sera conserv\u00e9 pendant deux semaines. Si vous vous<br>d\u00e9connectez de votre compte, le cookie de connexion sera effac\u00e9.<br>En modifiant ou en publiant un article, un cookie suppl\u00e9mentaire sera enregistr\u00e9 dans votre<br>navigateur. Ce cookie ne comprend aucune donn\u00e9e personnelle. Il indique simplement l\u2019identifiant<br>de l\u2019article que vous venez de modifier. Il expire au bout d\u2019un jour.<\/p>\n\n\n\n<p><strong>Contenu embarqu\u00e9 depuis d\u2019autres sites<br><\/strong>Les articles de ce site peuvent inclure des contenus int\u00e9gr\u00e9s (par exemple des vid\u00e9os Youtube,<br>images, articles\u2026). Le contenu int\u00e9gr\u00e9 depuis d\u2019autres sites se comporte de la m\u00eame mani\u00e8re que si<br>le visiteur se rendait sur cet autre site.<br>Ces sites web pourraient collecter des donn\u00e9es sur vous, utiliser des cookies, embarquer des outils<br>de suivis tiers, suivre vos interactions avec ces contenus embarqu\u00e9s si vous disposez d\u2019un compte<br>connect\u00e9 sur leur site web.<\/p>\n\n\n\n<p>Statistiques et mesures d\u2019audience<br>Ce site utilise Google Analytics , un service d\u2019analyse de sites Internet fourni par Google Inc. (\u00ab<br>Google \u00bb). Google Analytics utilise des cookies, qui sont des fichiers textes plac\u00e9s sur votre<br>ordinateur, pour aider le site internet \u00e0 analyser l\u2019utilisation du site par ses utilisateurs. Les donn\u00e9es g\u00e9n\u00e9r\u00e9es par les cookies concernant votre utilisation du site (y compris votre adresse IP) seront<br>transmises et stock\u00e9es par Google sur des serveurs situ\u00e9s aux \u00c9tats-Unis.<br>Google utilisera cette information dans le but d\u2019\u00e9valuer votre utilisation du site, de compiler des<br>rapports sur l\u2019activit\u00e9 du site \u00e0 destination de son \u00e9diteur et de fournir d\u2019autres services relatifs \u00e0<br>l\u2019activit\u00e9 du site et \u00e0 l\u2019utilisation d\u2019Internet.<br>Google est susceptible de communiquer ces donn\u00e9es \u00e0 des tiers en cas d\u2019obligations l\u00e9gales ou<br>lorsque ces tiers traitent ces donn\u00e9es pour le compte de Google, y compris notamment l\u2019\u00e9diteur de<br>ce site. Vous pouvez d\u00e9sactiver l\u2019utilisation de cookies en s\u00e9lectionnant les param\u00e8tres appropri\u00e9s<br>de votre navigateur. Cependant, une telle d\u00e9sactivation pourrait emp\u00eacher l\u2019utilisation de certaines<br>fonctionnalit\u00e9s de ce site. En utilisant ce site internet, vous consentez express\u00e9ment au traitement de<br>vos donn\u00e9es nominatives par Google dans les conditions et pour les finalit\u00e9s d\u00e9crites ci-dessus.<\/p>\n\n\n\n<p><\/p>\n","protected":false},"excerpt":{"rendered":"<p>Site internet g\u00e9r\u00e9 par la Tourville D\u00e9veloppement, Filiale commerciale de l&#8217;Association Tourville, SARL au capital de 30000\u20ac inscrite au RCS de Dunkerque sous le N\u00b0de SIRET 453 900 730 0012 L\u2019Espace Tourville s\u2019engage \u00e0 respecter les dispositions pr\u00e9vues par les loisLoi n\u00b0 78-87 du 6 janvier 1978, notamment modifi\u00e9e par la loi n\u00b0 2004-801 du [&hellip;]<\/p>\n","protected":false},"author":1,"featured_media":0,"parent":0,"menu_order":0,"comment_status":"closed","ping_status":"closed","template":"template_mention_legales.php","meta":{"inline_featured_image":false},"acf":[],"yoast_head":"<!-- This site is optimized with the Yoast SEO plugin v20.1 - https:\/\/yoast.com\/wordpress\/plugins\/seo\/ -->\n<title>Legal notice and privacy policy - Espace Tourville<\/title>\n<meta name=\"robots\" content=\"index, follow, max-snippet:-1, max-image-preview:large, max-video-preview:-1\" \/>\n<link rel=\"canonical\" href=\"https:\/\/espacetourville.com\/en\/mentions-legales\/\" \/>\n<meta property=\"og:locale\" content=\"en_US\" \/>\n<meta property=\"og:type\" content=\"article\" \/>\n<meta property=\"og:title\" content=\"Legal notice and privacy policy - Espace Tourville\" \/>\n<meta property=\"og:description\" content=\"Site internet g\u00e9r\u00e9 par la Tourville D\u00e9veloppement, Filiale commerciale de l&#8217;Association Tourville, SARL au capital de 30000\u20ac inscrite au RCS de Dunkerque sous le N\u00b0de SIRET 453 900 730 0012 L\u2019Espace Tourville s\u2019engage \u00e0 respecter les dispositions pr\u00e9vues par les loisLoi n\u00b0 78-87 du 6 janvier 1978, notamment modifi\u00e9e par la loi n\u00b0 2004-801 du [&hellip;]\" \/>\n<meta property=\"og:url\" content=\"https:\/\/espacetourville.com\/en\/mentions-legales\/\" \/>\n<meta property=\"og:site_name\" content=\"Espace Tourville\" \/>\n<meta property=\"article:publisher\" content=\"https:\/\/www.facebook.com\/EspaceTourville\/\" \/>\n<meta property=\"article:modified_time\" content=\"2021-01-27T09:36:35+00:00\" \/>\n<meta name=\"twitter:card\" content=\"summary_large_image\" \/>\n<meta name=\"twitter:label1\" content=\"Est. reading time\" \/>\n\t<meta name=\"twitter:data1\" content=\"3 minutes\" \/>\n<script type=\"application\/ld+json\" class=\"yoast-schema-graph\">{\"@context\":\"https:\/\/schema.org\",\"@graph\":[{\"@type\":\"WebPage\",\"@id\":\"https:\/\/espacetourville.com\/en\/mentions-legales\/\",\"url\":\"https:\/\/espacetourville.com\/en\/mentions-legales\/\",\"name\":\"Legal notice and privacy policy - Espace Tourville\",\"isPartOf\":{\"@id\":\"https:\/\/espacetourville.com\/#website\"},\"datePublished\":\"2020-06-11T22:50:52+00:00\",\"dateModified\":\"2021-01-27T09:36:35+00:00\",\"breadcrumb\":{\"@id\":\"https:\/\/espacetourville.com\/en\/mentions-legales\/#breadcrumb\"},\"inLanguage\":\"en-US\",\"potentialAction\":[{\"@type\":\"ReadAction\",\"target\":[\"https:\/\/espacetourville.com\/en\/mentions-legales\/\"]}]},{\"@type\":\"BreadcrumbList\",\"@id\":\"https:\/\/espacetourville.com\/en\/mentions-legales\/#breadcrumb\",\"itemListElement\":[{\"@type\":\"ListItem\",\"position\":1,\"name\":\"Accueil\",\"item\":\"https:\/\/espacetourville.com\/en\/\"},{\"@type\":\"ListItem\",\"position\":2,\"name\":\"Legal notice and privacy policy\"}]},{\"@type\":\"WebSite\",\"@id\":\"https:\/\/espacetourville.com\/#website\",\"url\":\"https:\/\/espacetourville.com\/\",\"name\":\"Espace Tourville\",\"description\":\"Le Jean Bart\",\"publisher\":{\"@id\":\"https:\/\/espacetourville.com\/#organization\"},\"potentialAction\":[{\"@type\":\"SearchAction\",\"target\":{\"@type\":\"EntryPoint\",\"urlTemplate\":\"https:\/\/espacetourville.com\/?s={search_term_string}\"},\"query-input\":\"required name=search_term_string\"}],\"inLanguage\":\"en-US\"},{\"@type\":\"Organization\",\"@id\":\"https:\/\/espacetourville.com\/#organization\",\"name\":\"Espace tourville\",\"url\":\"https:\/\/espacetourville.com\/\",\"logo\":{\"@type\":\"ImageObject\",\"inLanguage\":\"en-US\",\"@id\":\"https:\/\/espacetourville.com\/#\/schema\/logo\/image\/\",\"url\":\"https:\/\/espacetourville.com\/wp-content\/uploads\/2020\/06\/Logo-Espace-Tourville-bateau-RVB.png\",\"contentUrl\":\"https:\/\/espacetourville.com\/wp-content\/uploads\/2020\/06\/Logo-Espace-Tourville-bateau-RVB.png\",\"width\":701,\"height\":1035,\"caption\":\"Espace tourville\"},\"image\":{\"@id\":\"https:\/\/espacetourville.com\/#\/schema\/logo\/image\/\"},\"sameAs\":[\"https:\/\/www.facebook.com\/EspaceTourville\/\",\"https:\/\/www.instagram.com\/espace.tourville\/\"]}]}<\/script>\n<!-- \/ Yoast SEO plugin. -->","yoast_head_json":{"title":"Legal notice and privacy policy - Espace Tourville","robots":{"index":"index","follow":"follow","max-snippet":"max-snippet:-1","max-image-preview":"max-image-preview:large","max-video-preview":"max-video-preview:-1"},"canonical":"https:\/\/espacetourville.com\/en\/mentions-legales\/","og_locale":"en_US","og_type":"article","og_title":"Legal notice and privacy policy - Espace Tourville","og_description":"Site internet g\u00e9r\u00e9 par la Tourville D\u00e9veloppement, Filiale commerciale de l&#8217;Association Tourville, SARL au capital de 30000\u20ac inscrite au RCS de Dunkerque sous le N\u00b0de SIRET 453 900 730 0012 L\u2019Espace Tourville s\u2019engage \u00e0 respecter les dispositions pr\u00e9vues par les loisLoi n\u00b0 78-87 du 6 janvier 1978, notamment modifi\u00e9e par la loi n\u00b0 2004-801 du [&hellip;]","og_url":"https:\/\/espacetourville.com\/en\/mentions-legales\/","og_site_name":"Espace Tourville","article_publisher":"https:\/\/www.facebook.com\/EspaceTourville\/","article_modified_time":"2021-01-27T09:36:35+00:00","twitter_card":"summary_large_image","twitter_misc":{"Est. reading time":"3 minutes"},"schema":{"@context":"https:\/\/schema.org","@graph":[{"@type":"WebPage","@id":"https:\/\/espacetourville.com\/en\/mentions-legales\/","url":"https:\/\/espacetourville.com\/en\/mentions-legales\/","name":"Legal notice and privacy policy - Espace Tourville","isPartOf":{"@id":"https:\/\/espacetourville.com\/#website"},"datePublished":"2020-06-11T22:50:52+00:00","dateModified":"2021-01-27T09:36:35+00:00","breadcrumb":{"@id":"https:\/\/espacetourville.com\/en\/mentions-legales\/#breadcrumb"},"inLanguage":"en-US","potentialAction":[{"@type":"ReadAction","target":["https:\/\/espacetourville.com\/en\/mentions-legales\/"]}]},{"@type":"BreadcrumbList","@id":"https:\/\/espacetourville.com\/en\/mentions-legales\/#breadcrumb","itemListElement":[{"@type":"ListItem","position":1,"name":"Accueil","item":"https:\/\/espacetourville.com\/en\/"},{"@type":"ListItem","position":2,"name":"Legal notice and privacy policy"}]},{"@type":"WebSite","@id":"https:\/\/espacetourville.com\/#website","url":"https:\/\/espacetourville.com\/","name":"Espace Tourville","description":"Le Jean Bart","publisher":{"@id":"https:\/\/espacetourville.com\/#organization"},"potentialAction":[{"@type":"SearchAction","target":{"@type":"EntryPoint","urlTemplate":"https:\/\/espacetourville.com\/?s={search_term_string}"},"query-input":"required name=search_term_string"}],"inLanguage":"en-US"},{"@type":"Organization","@id":"https:\/\/espacetourville.com\/#organization","name":"Espace tourville","url":"https:\/\/espacetourville.com\/","logo":{"@type":"ImageObject","inLanguage":"en-US","@id":"https:\/\/espacetourville.com\/#\/schema\/logo\/image\/","url":"https:\/\/espacetourville.com\/wp-content\/uploads\/2020\/06\/Logo-Espace-Tourville-bateau-RVB.png","contentUrl":"https:\/\/espacetourville.com\/wp-content\/uploads\/2020\/06\/Logo-Espace-Tourville-bateau-RVB.png","width":701,"height":1035,"caption":"Espace tourville"},"image":{"@id":"https:\/\/espacetourville.com\/#\/schema\/logo\/image\/"},"sameAs":["https:\/\/www.facebook.com\/EspaceTourville\/","https:\/\/www.instagram.com\/espace.tourville\/"]}]}},"_links":{"self":[{"href":"https:\/\/espacetourville.com\/en\/wp-json\/wp\/v2\/pages\/506"}],"collection":[{"href":"https:\/\/espacetourville.com\/en\/wp-json\/wp\/v2\/pages"}],"about":[{"href":"https:\/\/espacetourville.com\/en\/wp-json\/wp\/v2\/types\/page"}],"author":[{"embeddable":true,"href":"https:\/\/espacetourville.com\/en\/wp-json\/wp\/v2\/users\/1"}],"replies":[{"embeddable":true,"href":"https:\/\/espacetourville.com\/en\/wp-json\/wp\/v2\/comments?post=506"}],"version-history":[{"count":2,"href":"https:\/\/espacetourville.com\/en\/wp-json\/wp\/v2\/pages\/506\/revisions"}],"predecessor-version":[{"id":1442,"href":"https:\/\/espacetourville.com\/en\/wp-json\/wp\/v2\/pages\/506\/revisions\/1442"}],"wp:attachment":[{"href":"https:\/\/espacetourville.com\/en\/wp-json\/wp\/v2\/media?parent=506"}],"curies":[{"name":"wp","href":"https:\/\/api.w.org\/{rel}","templated":true}]}}